{"id":226,"date":"2023-08-22T00:33:35","date_gmt":"2023-08-22T00:33:35","guid":{"rendered":"https:\/\/www.elgranconseguidor.com\/?page_id=226"},"modified":"2023-08-22T00:50:53","modified_gmt":"2023-08-22T00:50:53","slug":"quien-somo","status":"publish","type":"page","link":"https:\/\/www.elgranconseguidor.com\/?page_id=226","title":{"rendered":"\u00bfQUI\u00c9N SOMOS?"},"content":{"rendered":"\n\t<section class=\"section sticky-section\" id=\"section_579568155\">\n\t\t<div class=\"bg section-bg fill bg-fill  bg-loaded\" >\n\n\t\t\t\t<div class=\"video-overlay no-click fill visible\"><\/div>\n\t<video class=\"video-bg fill visible\" preload playsinline autoplay muted loop>\n\t\t<source src=\"https:\/\/www.elgranconseguidor.com\/wp-content\/uploads\/2023\/08\/conseguidor_3.mp4\" type=\"video\/mp4\">\t<\/video>\n\n\t\t\t<div class=\"section-bg-overlay absolute fill\"><\/div><div class=\"loading-spin centered\"><\/div><button class=\"scroll-for-more z-5 icon absolute bottom h-center\" aria-label=\"Scroll for more\"><i class=\"icon-angle-down\" style=\"font-size:42px;\" ><\/i><\/button>\n\t\t\t\n\n\t\t<\/div>\n\n\t\t\n\n\t\t<div class=\"section-content relative\">\n\t\t\t\n\n\n  <div class=\"banner has-hover\" id=\"banner-222877398\">\n          <div class=\"banner-inner fill\">\n        <div class=\"banner-bg fill\" >\n            <div class=\"bg fill bg-fill \"><\/div>\n                                    \n                    <\/div>\n\t\t\n        <div class=\"banner-layers container\">\n            <div class=\"fill banner-link\"><\/div>            \n\n   <div id=\"text-box-511399165\" class=\"text-box banner-layer x50 md-x50 lg-x50 y15 md-y50 lg-y50 res-text\">\n                                <div class=\"text-box-content text dark\">\n              \n              <div class=\"text-inner text-center\">\n                  \n\n\t<div id=\"text-4208860353\" class=\"text\">\n\t\t\n\n<h3>\u00bfQUI\u00c9N SOMOS?<\/h3>\n<p><span style=\"font-size: 110%;\">Bienvenido a \u00abEl Gran Conseguidor\u00bb, el portal que transforma sue\u00f1os en realidades. Somos la llave que abre las puertas a experiencias insuperables, un lienzo en blanco listo para plasmar sus deseos.<\/span><\/p>\n<p>\u00a0<\/p>\n<p><span style=\"font-size: 110%;\">Imag\u00ednese con el poder de lograr lo que parec\u00eda imposible, respaldado por nuestra dedicaci\u00f3n incansable para hacer sus aspiraciones tangibles. Somos su aliado en la b\u00fasqueda de lo extraordinario, trabajando sin descanso para convertir obst\u00e1culos en logros. \u00danase a este viaje hacia la concreci\u00f3n de sus metas m\u00e1s deseadas, donde juntos encaminaremos cada paso hacia el \u00e9xito sin l\u00edmites.<\/span><\/p>\n\t\t\n<style>\n#text-4208860353 {\n  font-size: 0.95rem;\n}\n<\/style>\n\t<\/div>\n\t\n\n              <\/div>\n           <\/div>\n                            \n<style>\n#text-box-511399165 {\n  width: 92%;\n}\n#text-box-511399165 .text-box-content {\n  font-size: 135%;\n}\n@media (min-width:550px) {\n  #text-box-511399165 {\n    width: 73%;\n  }\n  #text-box-511399165 .text-box-content {\n    font-size: 100%;\n  }\n}\n@media (min-width:850px) {\n  #text-box-511399165 {\n    width: 52%;\n  }\n}\n<\/style>\n    <\/div>\n \n\n        <\/div>\n      <\/div>\n\n            \n<style>\n#banner-222877398 {\n  padding-top: 700px;\n  background-color: rgba(0, 0, 0, 0.366);\n}\n<\/style>\n  <\/div>\n\n\n\n\t\t<\/div>\n\n\t\t\n<style>\n#section_579568155 {\n  padding-top: 30px;\n  padding-bottom: 30px;\n  background-color: rgb(0,0,0);\n}\n#section_579568155 .section-bg-overlay {\n  background-color: rgba(0, 0, 0, 0.5);\n}\n<\/style>\n\t<\/section>\n\t\n<span class=\"scroll-to\" data-label=\"Scroll to: #que_necesitas\" data-bullet=\"true\" data-link=\"#que_necesitas\" data-title=\"que_necesitas\" ><a name=\"que_necesitas\"><\/a><\/span>\n\n\t<section class=\"section\" id=\"section_1681184096\">\n\t\t<div class=\"bg section-bg fill bg-fill  bg-loaded\" >\n\n\t\t\t\n\t\t\t<div class=\"loading-spin centered\"><\/div><button class=\"scroll-for-more z-5 icon absolute bottom h-center\" aria-label=\"Scroll for more\"><i class=\"icon-angle-down\" style=\"font-size:42px;\" ><\/i><\/button>\n\t\t\t\n\n\t\t<\/div>\n\n\t\t\n\n\t\t<div class=\"section-content relative\">\n\t\t\t\n\n\n  <div class=\"banner has-hover\" id=\"banner-1868315595\">\n          <div class=\"banner-inner fill\">\n        <div class=\"banner-bg fill\" >\n            <div class=\"bg fill bg-fill \"><\/div>\n                                    \n                    <\/div>\n\t\t\n        <div class=\"banner-layers container\">\n            <div class=\"fill banner-link\"><\/div>            \n\n   <div id=\"text-box-989444254\" class=\"text-box banner-layer x50 md-x50 lg-x50 y5 md-y5 lg-y5 res-text\">\n                                <div class=\"text-box-content text text-shadow-2\">\n              \n              <div class=\"text-inner text-left\">\n                  \n\n\t<div id=\"text-2034799133\" class=\"text\">\n\t\t\n\n<h2 style=\"text-align: center;\"><span style=\"color: #282828;\">\u2026Lo haremos realidad<\/span><\/h2>\n\t\t\n<style>\n#text-2034799133 {\n  font-size: 0.75rem;\n  line-height: 0.75;\n  text-align: left;\n}\n<\/style>\n\t<\/div>\n\t\n\t<div id=\"text-897391602\" class=\"text\">\n\t\t\n\n<h6><span style=\"font-size: 75%;\"><div class=\"wpforms-container wpforms-container-full wpforms-render-modern\" id=\"wpforms-116\"><form id=\"wpforms-form-116\" class=\"wpforms-validate wpforms-form wpforms-ajax-form\" data-formid=\"116\" method=\"post\" enctype=\"multipart\/form-data\" action=\"\/index.php?rest_route=%2Fwp%2Fv2%2Fpages%2F226\" data-token=\"ac0bda443cafdb8bdd96ff6e046128d8\"><noscript class=\"wpforms-error-noscript\">Por favor, activa JavaScript en tu navegador para completar este formulario.<\/noscript><div class=\"wpforms-hidden\" id=\"wpforms-error-noscript\">Por favor, activa JavaScript en tu navegador para completar este formulario.<\/div><div class=\"wpforms-field-container\"><div id=\"wpforms-116-field_0-container\" class=\"wpforms-field wpforms-field-name\" data-field-id=\"0\"><fieldset><legend class=\"wpforms-field-label\">Nombre <span class=\"wpforms-required-label\" aria-hidden=\"true\">*<\/span><\/legend><div class=\"wpforms-field-row wpforms-field-large\"><div class=\"wpforms-field-row-block wpforms-first wpforms-one-half\"><input type=\"text\" id=\"wpforms-116-field_0\" class=\"wpforms-field-name-first wpforms-field-required\" name=\"wpforms[fields][0][first]\" placeholder=\"Nombre\" aria-errormessage=\"wpforms-116-field_0-error\" required><label for=\"wpforms-116-field_0\" class=\"wpforms-field-sublabel after wpforms-sublabel-hide\">Nombre<\/label><\/div><div class=\"wpforms-field-row-block wpforms-one-half\"><input type=\"text\" id=\"wpforms-116-field_0-last\" class=\"wpforms-field-name-last wpforms-field-required\" name=\"wpforms[fields][0][last]\" placeholder=\"Apellidos\" aria-errormessage=\"wpforms-116-field_0-last-error\" required><label for=\"wpforms-116-field_0-last\" class=\"wpforms-field-sublabel after wpforms-sublabel-hide\">Apellidos<\/label><\/div><\/div><\/fieldset><\/div><div id=\"wpforms-116-field_1-container\" class=\"wpforms-field wpforms-field-email\" data-field-id=\"1\"><label class=\"wpforms-field-label\" for=\"wpforms-116-field_1\">Correo electr\u00f3nico <span class=\"wpforms-required-label\" aria-hidden=\"true\">*<\/span><\/label><input type=\"email\" id=\"wpforms-116-field_1\" class=\"wpforms-field-medium wpforms-field-required\" name=\"wpforms[fields][1]\" spellcheck=\"false\" aria-errormessage=\"wpforms-116-field_1-error\" aria-describedby=\"wpforms-116-field_1-description\" required><div id=\"wpforms-116-field_1-description\" class=\"wpforms-field-description\">Mail al que le enviaremos la informaci\u00f3n<\/div><\/div><div id=\"wpforms-116-field_4-container\" class=\"wpforms-field wpforms-field-phone\" data-field-id=\"4\"><label class=\"wpforms-field-label\" for=\"wpforms-116-field_4\">Tel\u00e9fono (opcional)<\/label><input type=\"tel\" id=\"wpforms-116-field_4\" class=\"wpforms-field-medium wpforms-smart-phone-field\" data-rule-smart-phone-field=\"true\" name=\"wpforms[fields][4]\" aria-errormessage=\"wpforms-116-field_4-error\" ><\/div><div id=\"wpforms-116-field_2-container\" class=\"wpforms-field wpforms-field-textarea\" data-field-id=\"2\"><label class=\"wpforms-field-label\" for=\"wpforms-116-field_2\">\u00bfQu\u00e9 podemos hacer por usted? <span class=\"wpforms-required-label\" aria-hidden=\"true\">*<\/span><\/label><textarea id=\"wpforms-116-field_2\" class=\"wpforms-field-medium wpforms-field-required\" name=\"wpforms[fields][2]\" aria-errormessage=\"wpforms-116-field_2-error\" required><\/textarea><\/div><div id=\"wpforms-116-field_3-container\" class=\"wpforms-field wpforms-field-captcha\" data-field-id=\"3\"><label class=\"wpforms-field-label\" for=\"wpforms-116-field_3\">Resuelve para saber que no eres un robot <span class=\"wpforms-required-label\" aria-hidden=\"true\">*<\/span><\/label>\t\t\t<div class=\"wpforms-captcha-math\">\n\t\t\t\t<span id=\"wpforms-116-field_3-question\" class=\"wpforms-captcha-equation\">\n\t\t\t\t\t<span class=\"n1\">14<\/span>\n\t\t\t\t\t\t\t<span class=\"cal\">+<\/span>\n\t\t\t\t\t\t\t<span class=\"n2\">11<\/span>\t\t\t\t\t<span class=\"e\">=<\/span>\n\t\t\t\t<\/span>\n\t\t\t\t<input type=\"text\" id=\"wpforms-116-field_3\" class=\"wpforms-field-medium wpforms-field-required a\" data-rule-wpf-captcha=\"math\" data-is-wrapped-field=\"1\" name=\"wpforms[fields][3][a]\" aria-errormessage=\"wpforms-116-field_3-error\" aria-describedby=\"wpforms-116-field_3-question\" required>\t\t\t\t<input type=\"hidden\" name=\"wpforms[fields][3][cal]\" class=\"cal\">\n\t\t\t\t<input type=\"hidden\" name=\"wpforms[fields][3][n2]\" class=\"n2\">\n\t\t\t\t<input type=\"hidden\" name=\"wpforms[fields][3][n1]\" class=\"n1\">\n\t\t\t<\/div>\n\t\t\t<\/div><\/div><!-- .wpforms-field-container --><div class=\"wpforms-submit-container\" ><input type=\"hidden\" name=\"wpforms[id]\" value=\"116\"><input type=\"hidden\" name=\"wpforms[author]\" value=\"1\"><button type=\"submit\" name=\"wpforms[submit]\" id=\"wpforms-submit-116\" class=\"wpforms-submit\" data-alt-text=\"Enviando...\" data-submit-text=\"Enviar\" aria-live=\"assertive\" value=\"wpforms-submit\">Enviar<\/button><img loading=\"lazy\" decoding=\"async\" src=\"https:\/\/www.elgranconseguidor.com\/wp-content\/plugins\/wpforms\/assets\/images\/submit-spin.svg\" class=\"wpforms-submit-spinner\" style=\"display: none;\" width=\"26\" height=\"26\" alt=\"Cargando\"><\/div><\/form><\/div>  <!-- .wpforms-container --><\/span><\/h6>\n\t\t\n<style>\n#text-897391602 {\n  font-size: 0.75rem;\n  line-height: 0.75;\n  text-align: left;\n}\n<\/style>\n\t<\/div>\n\t\n\n              <\/div>\n           <\/div>\n                            \n<style>\n#text-box-989444254 .text-box-content {\n  background-color: rgb(167, 167, 167);\n  border-radius: 23px;\n  font-size: 0%;\n}\n#text-box-989444254 .text-inner {\n  padding: 10px 40px 10px 40px;\n}\n#text-box-989444254 {\n  width: 100%;\n}\n@media (min-width:550px) {\n  #text-box-989444254 {\n    width: 64%;\n  }\n}\n@media (min-width:850px) {\n  #text-box-989444254 {\n    width: 52%;\n  }\n}\n<\/style>\n    <\/div>\n \n\n        <\/div>\n      <\/div>\n\n            \n<style>\n#banner-1868315595 {\n  padding-top: 650px;\n  background-color: rgb(0, 0, 0);\n}\n#banner-1868315595 .bg.bg-loaded {\n  background-image: url(https:\/\/www.elgranconseguidor.com\/wp-content\/uploads\/2023\/08\/conse22.png);\n}\n@media (min-width:550px) {\n  #banner-1868315595 {\n    padding-top: 850px;\n  }\n}\n<\/style>\n  <\/div>\n\n\n\n\t\t<\/div>\n\n\t\t\n<style>\n#section_1681184096 {\n  padding-top: 0px;\n  padding-bottom: 0px;\n  background-color: rgb(0, 0, 0);\n}\n<\/style>\n\t<\/section>\n\t\n\n","protected":false},"excerpt":{"rendered":"","protected":false},"author":1,"featured_media":0,"parent":0,"menu_order":0,"comment_status":"closed","ping_status":"closed","template":"page-transparent-header-light.php","meta":{"footnotes":""},"class_list":["post-226","page","type-page","status-publish","hentry"],"_links":{"self":[{"href":"https:\/\/www.elgranconseguidor.com\/index.php?rest_route=\/wp\/v2\/pages\/226","targetHints":{"allow":["GET"]}}],"collection":[{"href":"https:\/\/www.elgranconseguidor.com\/index.php?rest_route=\/wp\/v2\/pages"}],"about":[{"href":"https:\/\/www.elgranconseguidor.com\/index.php?rest_route=\/wp\/v2\/types\/page"}],"author":[{"embeddable":true,"href":"https:\/\/www.elgranconseguidor.com\/index.php?rest_route=\/wp\/v2\/users\/1"}],"replies":[{"embeddable":true,"href":"https:\/\/www.elgranconseguidor.com\/index.php?rest_route=%2Fwp%2Fv2%2Fcomments&post=226"}],"version-history":[{"count":8,"href":"https:\/\/www.elgranconseguidor.com\/index.php?rest_route=\/wp\/v2\/pages\/226\/revisions"}],"predecessor-version":[{"id":248,"href":"https:\/\/www.elgranconseguidor.com\/index.php?rest_route=\/wp\/v2\/pages\/226\/revisions\/248"}],"wp:attachment":[{"href":"https:\/\/www.elgranconseguidor.com\/index.php?rest_route=%2Fwp%2Fv2%2Fmedia&parent=226"}],"curies":[{"name":"wp","href":"https:\/\/api.w.org\/{rel}","templated":true}]}}